{"id":319,"date":"2019-10-17T20:49:36","date_gmt":"2019-10-17T20:49:36","guid":{"rendered":"http:\/\/semiootika.ee\/semiootikasugiskool\/?page_id=319"},"modified":"2019-10-17T21:04:03","modified_gmt":"2019-10-17T21:04:03","slug":"xvii-sugiskool","status":"publish","type":"page","link":"http:\/\/semiootika.ee\/semiootikasugiskool\/sugiskoolidest\/xvii-sugiskool\/","title":{"rendered":"XVII SEMIOOTIKA S\u00dcGISKOOL"},"content":{"rendered":"\n<p><em>\u201eIlma keeleta on m\u00f5tted vaid \u00fcks ebam\u00e4\u00e4rane kaardistamata udukogu.\u201c<\/em><br>Ferdinand de Saussure<\/p>\n\n\n\n<p>XVII Semiootika s\u00fcgiskool \u201cKeelsus\u201d toimub 5.- 6. novembril 2016 Taevaskoja puhkekeskuses. S\u00fcgiskool on p\u00fchendatud 100 aasta m\u00f6\u00f6dumisele Ferdinand de Saussure\u2019i&nbsp;<em>Cours de linguistique g\u00e9n\u00e9rale<\/em>&nbsp;ilmumisest.<\/p>\n\n\n\n<p>Seekordses s\u00fcgiskoolis soovime eri valdkondade ja kunstivormide esindajate s\u00fcnergias taasavastada keele kohalolu ja p\u00f5imumise k\u00f5iges. Kompame, mis on \u00fchist, mis erinevat keele\u017eanrites ja kultuurikeeltes, olgu nendeks argi- v\u00f5i teaduskeel, kirjandus-, luule- v\u00f5i helikeel, ent ka looduse ja loomade keel.<\/p>\n\n\n\n<p>Keelsuse teemal omas v\u00f5tmes v\u00f5tavad s\u00f5na <strong>Tiit Kuuskm\u00e4e<\/strong>, <strong>Aleksei Turovski<\/strong>, <strong>Liina Paales<\/strong>, <strong>Virve Vihman<\/strong>, <strong>Mart Anderson<\/strong>, <strong>Roomet Jakapi<\/strong>, <strong>Peeter Tinits<\/strong>, <strong>Doris Kareva<\/strong> ja<strong> Leo V\u00f5handu<\/strong>, kelle esinemise ajal toimub ka \u00d6\u00f6\u00fclikooli lindistus. Lisaks on s\u00fcgiskoolis pisikesel n\u00e4itusel v\u00f5imalik tutvuda<strong> Ilmar Laabani<\/strong> (heli)eksperimentaalse luulega.<\/p>\n\n\n\n<figure class=\"wp-block-image\"><img decoding=\"async\" loading=\"lazy\" width=\"724\" height=\"1024\" src=\"http:\/\/semiootika.ee\/semiootikasugiskool\/wp-content\/uploads\/2019\/10\/Sygiskool2016_plakat1-724x1024.png\" alt=\"\" class=\"wp-image-338\" srcset=\"http:\/\/semiootika.ee\/semiootikasugiskool\/wp-content\/uploads\/2019\/10\/Sygiskool2016_plakat1-724x1024.png 724w, http:\/\/semiootika.ee\/semiootikasugiskool\/wp-content\/uploads\/2019\/10\/Sygiskool2016_plakat1-212x300.png 212w, http:\/\/semiootika.ee\/semiootikasugiskool\/wp-content\/uploads\/2019\/10\/Sygiskool2016_plakat1-768x1086.png 768w, http:\/\/semiootika.ee\/semiootikasugiskool\/wp-content\/uploads\/2019\/10\/Sygiskool2016_plakat1.png 1131w\" sizes=\"(max-width: 724px) 100vw, 724px\" \/><\/figure>\n\n\n\n<p>XVII Semiootika s\u00fcgiskooli korraldavad Eesti Semiootika Selts ja Semiootika\u00fcli\u00f5pilaste liit Semioon. Ettev\u00f5tmist toetavad Eesti Kultuurkapital, Hasartm\u00e4ngumaksu N\u00f5ukogu ja Tartu Kultuurkapital.<\/p>\n\n\n\n<p><a rel=\"noreferrer noopener\" aria-label=\"Koduleht (opens in a new tab)\" href=\"http:\/\/semiootikasygiskool2016.blogspot.com\" target=\"_blank\">Koduleht<\/a><br><a href=\"https:\/\/www.facebook.com\/events\/1685379101776186\/\" target=\"_blank\" rel=\"noreferrer noopener\" aria-label=\"Facebook (opens in a new tab)\">Facebook<\/a><\/p>\n\n\n\n<h4><br><a href=\"http:\/\/semiootikasygiskool2016.blogspot.com\/2016\/11\/sugiskool-pildis.html\">S\u00fcgiskool pildis<\/a><\/h4>\n\n\n\n<div class=\"wp-block-image\"><figure class=\"aligncenter\"><img decoding=\"async\" loading=\"lazy\" width=\"400\" height=\"300\" src=\"http:\/\/semiootika.ee\/semiootikasugiskool\/wp-content\/uploads\/2019\/10\/s\u00fcgiskool1.jpg\" alt=\"\" class=\"wp-image-334\" srcset=\"http:\/\/semiootika.ee\/semiootikasugiskool\/wp-content\/uploads\/2019\/10\/s\u00fcgiskool1.jpg 400w, http:\/\/semiootika.ee\/semiootikasugiskool\/wp-content\/uploads\/2019\/10\/s\u00fcgiskool1-300x225.jpg 300w\" sizes=\"(max-width: 400px) 100vw, 400px\" \/><\/figure><\/div>\n\n\n\n<p>Lumine s\u00fcgiskool on l\u00f5ppenud, t\u00e4name s\u00fcdamest k\u00f5iki osalejaid ja loodame, et teil oli meiega sama tore kui meil teiega!<\/p>\n\n\n\n<p><a rel=\"noreferrer noopener\" href=\"https:\/\/www.facebook.com\/pg\/SeLiSemioon\/photos\/?tab=album&amp;album_id=1803394479940418\" target=\"_blank\">Semiooni<\/a>&nbsp;lehel ka v\u00e4ike pildiline tagasivaade.<\/p>\n\n\n\n<h3><br>Ajakava<\/h3>\n\n\n\n<h4>Laup\u00e4ev, 5. november<\/h4>\n\n\n\n<p>8.45 kogunemine Tartus Vanemuise teatri alumises parklas<br>9.00 \u00fchisbussi start Taevaskoja puhkekeskuse poole<br>10.00 saabumine, kohvipaus<br>10.30\u201310.45 XVII Semiootika s\u00fcgiskooli \u201cKeelsus\u201d avas\u00f5nad<br>10.45\u201311.45 <strong>Peeter Tinits<\/strong><br>11.45\u201312.45 <strong>Liina Paales<\/strong><br>12.45\u201313.45 <strong>Virve Vihman<\/strong><\/p>\n\n\n\n<p>14.00\u201315.00 l\u00f5una<\/p>\n\n\n\n<p>15.00\u201316.00 <strong>Aleksei Turovski<\/strong><br>16.00\u201317.00 <strong>Mart Anderson<\/strong><br>17.00\u201317.30 kohvipaus<br>17.30\u201319.00 <strong>Leo V\u00f5handu<\/strong>&nbsp;\u2013&nbsp;\u00d6\u00f6\u00fclikooli lindistus<\/p>\n\n\n\n<p>19.00\u201320.00 \u00f5htus\u00f6\u00f6k<\/p>\n\n\n\n<p>20.00\u201320.30 Viipekeele t\u00f6\u00f6tuba<br>20.30\u201321.30 <strong>Roomet Jakapi<\/strong><\/p>\n\n\n\n<p>21.30 \u00f5htune olemine, saun, tantsukeel<br>DJd: Laura &amp; Brigit<\/p>\n\n\n\n<h4>P\u00fchap\u00e4ev, 6. november<\/h4>\n\n\n\n<p>9.30\u201310.30 hommikus\u00f6\u00f6k<br>10.30\u201311.30 <strong>Tiit Kuuskm\u00e4e<\/strong><br>11.30\u201312.30 <strong>Doris Kareva<\/strong><br>12.30\u201313.00 kohvipaus<br>13.00 S\u00fcgiskooli l\u00f5petamine ja \u00fchisbussi lahkumine Tartusse<\/p>\n\n\n\n<h3><br>ESINEJAD<\/h3>\n\n\n\n<h4><br><a href=\"http:\/\/semiootikasygiskool2016.blogspot.com\/2016\/11\/mart-anderson.html\">Mart Anderson<\/a><\/h4>\n\n\n\n<div class=\"wp-block-image\"><figure class=\"aligncenter\"><img decoding=\"async\" loading=\"lazy\" width=\"400\" height=\"334\" src=\"http:\/\/semiootika.ee\/semiootikasugiskool\/wp-content\/uploads\/2019\/10\/Mart-anderson.jpg\" alt=\"\" class=\"wp-image-322\" srcset=\"http:\/\/semiootika.ee\/semiootikasugiskool\/wp-content\/uploads\/2019\/10\/Mart-anderson.jpg 400w, http:\/\/semiootika.ee\/semiootikasugiskool\/wp-content\/uploads\/2019\/10\/Mart-anderson-300x251.jpg 300w\" sizes=\"(max-width: 400px) 100vw, 400px\" \/><\/figure><\/div>\n\n\n\n<p>T\u00fcpograaf ja graafiline disainer Mart Anderson teeb s\u00fcgiskoolis ettekande&nbsp;<strong>\u201cKirjakeele visualiseerimise tehnikatest\u201d<\/strong>.<\/p>\n\n\n\n<h4><br><a href=\"http:\/\/semiootikasygiskool2016.blogspot.com\/2016\/10\/peeter-tinits.html\">Peeter Tinits<\/a><\/h4>\n\n\n\n<div class=\"wp-block-image\"><figure class=\"aligncenter is-resized\"><img decoding=\"async\" loading=\"lazy\" src=\"http:\/\/semiootika.ee\/semiootikasugiskool\/wp-content\/uploads\/2019\/10\/unnamed.jpg\" alt=\"\" class=\"wp-image-324\" width=\"387\" height=\"387\" srcset=\"http:\/\/semiootika.ee\/semiootikasugiskool\/wp-content\/uploads\/2019\/10\/unnamed.jpg 450w, http:\/\/semiootika.ee\/semiootikasugiskool\/wp-content\/uploads\/2019\/10\/unnamed-150x150.jpg 150w, http:\/\/semiootika.ee\/semiootikasugiskool\/wp-content\/uploads\/2019\/10\/unnamed-300x300.jpg 300w\" sizes=\"(max-width: 387px) 100vw, 387px\" \/><\/figure><\/div>\n\n\n\n<p>Peeter Tinits \u00fctleb enda ettekande&nbsp;<strong>&#8220;Arbitraarsusest aastal 2016\u201d<\/strong>&nbsp;kohta j\u00e4rgmist:<\/p>\n\n\n\n<p>\u201cR\u00e4\u00e4gin keelem\u00e4rgi arbitraarsusest ja hiljutistest uuringutest arbitraarsuse piirangute kohta. Juttu v\u00f5ib tulla tulnukakeeltest, kliimast, kandev\u00f5imest, ikoonilisusest ja keelen\u00e4htuste seletamisest.\u201d<\/p>\n\n\n\n<h4><br><a href=\"http:\/\/semiootikasygiskool2016.blogspot.com\/2016\/10\/aleksei-turovski.html\">Aleksei Turovski<\/a><\/h4>\n\n\n\n<div class=\"wp-block-image\"><figure class=\"aligncenter\"><img decoding=\"async\" loading=\"lazy\" width=\"400\" height=\"267\" src=\"http:\/\/semiootika.ee\/semiootikasugiskool\/wp-content\/uploads\/2019\/10\/imageedit_2_2645698878.jpg\" alt=\"\" class=\"wp-image-325\" srcset=\"http:\/\/semiootika.ee\/semiootikasugiskool\/wp-content\/uploads\/2019\/10\/imageedit_2_2645698878.jpg 400w, http:\/\/semiootika.ee\/semiootikasugiskool\/wp-content\/uploads\/2019\/10\/imageedit_2_2645698878-300x200.jpg 300w\" sizes=\"(max-width: 400px) 100vw, 400px\" \/><\/figure><\/div>\n\n\n\n<p>Aleksei Turovski peab s\u00fcgiskoolis &nbsp;ettekande pealkirjaga&nbsp;<strong>\u201cM\u00e4rgid ja meeled\u201d<\/strong>, milles r\u00e4\u00e4gib m\u00e4rgi s\u00fcnnist ja saatusest looma elus.&nbsp;M\u00e4rgid on silmades, k\u00f5rvades, Jakobsoni organites jne.<\/p>\n\n\n\n<h4><br><a href=\"http:\/\/semiootikasygiskool2016.blogspot.com\/2016\/10\/tiit-kuuskmae.html\">Tiit Kuuskm\u00e4e<\/a><\/h4>\n\n\n\n<div class=\"wp-block-image\"><figure class=\"aligncenter\"><img decoding=\"async\" loading=\"lazy\" width=\"268\" height=\"400\" src=\"http:\/\/semiootika.ee\/semiootikasugiskool\/wp-content\/uploads\/2019\/10\/tiit_jaanuar2011_30.jpg\" alt=\"\" class=\"wp-image-328\" srcset=\"http:\/\/semiootika.ee\/semiootikasugiskool\/wp-content\/uploads\/2019\/10\/tiit_jaanuar2011_30.jpg 268w, http:\/\/semiootika.ee\/semiootikasugiskool\/wp-content\/uploads\/2019\/10\/tiit_jaanuar2011_30-201x300.jpg 201w\" sizes=\"(max-width: 268px) 100vw, 268px\" \/><\/figure><\/div>\n\n\n\n<p><a href=\"http:\/\/www.mindthemeaning.com\/tiit-kuuskmae-est\/\" target=\"_blank\" rel=\"noreferrer noopener\">Tiit Kuuskm\u00e4e<\/a>&nbsp;on omandanud Tartu \u00dclikoolis semiootika magistrikraadi ning l\u00f5petanud Genfi \u00dclikoolis lingvistika eeldoktorantuuri. Tema p\u00f5hihuviks on Ferdinand de Saussure&#8217;i m\u00e4rgis\u00fcsteemi k\u00e4sitlus ning viimasel ajal \u00fcha enam selle rakendamisega seotud k\u00fcsimused.<\/p>\n\n\n\n<p>Hetkel l\u00f5petab ta Ferdinand de Saussure\u2019i \u201c\u00dcldkeeleteaduse kursuse\u201d (\u00dcKK) eestikeelset t\u00f5lget.<\/p>\n\n\n\n<p>S\u00fcgiskoolis peab Kuuskm\u00e4e ettekande&nbsp;<strong>&#8220;K\u00fcsimus autoritest ja keelest \u00dcKK-s: t\u00f5lkija perspektiiv&#8221;<\/strong>, mille tutvustuseks \u00fctleb j\u00e4rgmist: &#8220;(H)arutame lahti seda puderkapsaatikumi, mis puudutab \u00dcKK intertekstuaalsust, leksikat ja erinevate autorite panuseid sellesse tervikusse, mida me t\u00e4na \u00dcKK nime all tunneme.&#8221;<\/p>\n\n\n\n<h4><br><a href=\"http:\/\/semiootikasygiskool2016.blogspot.com\/2016\/10\/doris-kareva.html\">Doris Kareva<\/a><\/h4>\n\n\n\n<div class=\"wp-block-image\"><figure class=\"aligncenter\"><img decoding=\"async\" loading=\"lazy\" width=\"400\" height=\"266\" src=\"http:\/\/semiootika.ee\/semiootikasugiskool\/wp-content\/uploads\/2019\/10\/imageedit_3_4284098245.jpg\" alt=\"\" class=\"wp-image-329\" srcset=\"http:\/\/semiootika.ee\/semiootikasugiskool\/wp-content\/uploads\/2019\/10\/imageedit_3_4284098245.jpg 400w, http:\/\/semiootika.ee\/semiootikasugiskool\/wp-content\/uploads\/2019\/10\/imageedit_3_4284098245-300x200.jpg 300w\" sizes=\"(max-width: 400px) 100vw, 400px\" \/><\/figure><\/div>\n\n\n\n<p>Doris Kareva ettekanne&nbsp;<strong>&#8220;Keeleilm lapse pilgu l\u00e4bi&#8221;&nbsp;<\/strong>k\u00f5neleb sellest, kuidas lapse jaoks avanevad maailm ja keel \u00fcheaegselt, tekivad seosed ja j\u00e4reldused, omalaadne s\u00fcsteem, mis \u00fcha laienedes on pidevas liikumises, lainetuses.<\/p>\n\n\n\n<p>Kareva toob v\u00e4lja kolm lapsep\u00f5lvekogemust, mis on m\u00f5jutanud hilisemat maailmapilti:<br>\u2013 Millises keeles k\u00f5nelda k\u00f5rgemate j\u00f5ududega? Kuidas loota arusaamisele?<br>\u2013 V\u00e4rvikirjad ja s\u00fcnnip\u00e4rane s\u00fcnesteesia<br>\u2013 Luule kui \u00fclemkeel<\/p>\n\n\n\n<h4><br><a href=\"http:\/\/semiootikasygiskool2016.blogspot.com\/2016\/10\/virve-vihman.html\">Virve Vihman<\/a><\/h4>\n\n\n\n<div class=\"wp-block-image\"><figure class=\"aligncenter\"><img decoding=\"async\" loading=\"lazy\" width=\"276\" height=\"400\" src=\"http:\/\/semiootika.ee\/semiootikasugiskool\/wp-content\/uploads\/2019\/10\/147686554449415.jpg\" alt=\"\" class=\"wp-image-331\" srcset=\"http:\/\/semiootika.ee\/semiootikasugiskool\/wp-content\/uploads\/2019\/10\/147686554449415.jpg 276w, http:\/\/semiootika.ee\/semiootikasugiskool\/wp-content\/uploads\/2019\/10\/147686554449415-207x300.jpg 207w\" sizes=\"(max-width: 276px) 100vw, 276px\" \/><\/figure><\/div>\n\n\n\n<p>Virve Vihman r\u00e4\u00e4gib enda ettekandes&nbsp;<strong>&#8220;Kaks keelt, kaks meelt?&#8221;<\/strong>&nbsp;kakskeelsusest (nt kakskeelsete laste puhul). Kuidas kaks keelt ajus paiknevad ja vastastikuselt \u00fcksteist m\u00f5jutavad?<\/p>\n\n\n\n<h4><br><a href=\"http:\/\/semiootikasygiskool2016.blogspot.com\/2016\/10\/liina-paales.html\">Liina Paales<\/a><\/h4>\n\n\n\n<div class=\"wp-block-image\"><figure class=\"aligncenter\"><img decoding=\"async\" loading=\"lazy\" width=\"379\" height=\"400\" src=\"http:\/\/semiootika.ee\/semiootikasugiskool\/wp-content\/uploads\/2019\/10\/Liina_Paales1.png\" alt=\"\" class=\"wp-image-332\" srcset=\"http:\/\/semiootika.ee\/semiootikasugiskool\/wp-content\/uploads\/2019\/10\/Liina_Paales1.png 379w, http:\/\/semiootika.ee\/semiootikasugiskool\/wp-content\/uploads\/2019\/10\/Liina_Paales1-284x300.png 284w\" sizes=\"(max-width: 379px) 100vw, 379px\" \/><\/figure><\/div>\n\n\n\n<p>Liina Paalese ettekanne&nbsp;<strong>&#8220;Viipekeeled keeltemaastikul&#8221;<\/strong>&nbsp;seostub avaramalt visuaalse kommunikatsiooniga ning k\u00e4sitleb visuaal-motoorsete keelte uurimist ja r\u00fchmitamist. Ettekandes l\u00e4htutakse k\u00f5neleja kehastusest: vaadeldakse kuuljate ja kuulmisv\u00f5imetute viipekeeli. Pikemalt peatutakse kurtide viipekeeltel, ise\u00e4ranis eesti viipekeelel.&nbsp;<br>Lisaks toimub ka t\u00f6\u00f6tuba, kus&nbsp;\u2013 tutvume eesti viipekeele kui visuaal-motoorse keele erip\u00e4radega;\u2013 \u00f5pime looma ja hoidma silmsidet;\u2013 arendame puudutus- ja kehalist v\u00e4ljendusjulgust;\u2013 teeme matkimis- ja kehastusharjutusi;\u2013 \u00f5pime tutvumisteemalisi viipeid.<\/p>\n\n\n\n<h4><br><a href=\"http:\/\/semiootikasygiskool2016.blogspot.com\/2016\/10\/roomet-jakapi.html\">Roomet Jakapi<\/a><\/h4>\n\n\n\n<div class=\"wp-block-image\"><figure class=\"aligncenter is-resized\"><img decoding=\"async\" loading=\"lazy\" src=\"http:\/\/semiootika.ee\/semiootikasugiskool\/wp-content\/uploads\/2019\/10\/imageedit_1_6031986646.jpg\" alt=\"\" class=\"wp-image-330\" width=\"353\" height=\"529\" srcset=\"http:\/\/semiootika.ee\/semiootikasugiskool\/wp-content\/uploads\/2019\/10\/imageedit_1_6031986646.jpg 427w, http:\/\/semiootika.ee\/semiootikasugiskool\/wp-content\/uploads\/2019\/10\/imageedit_1_6031986646-200x300.jpg 200w\" sizes=\"(max-width: 353px) 100vw, 353px\" \/><\/figure><\/div>\n\n\n\n<p>Roomet Jakapi etteaste&nbsp;<strong>&#8220;T\u00e4henduse lammutus ja uustekitus h\u00e4\u00e4le v\u00e4\u00e4nutamise praktikas&#8221;<\/strong>&nbsp;keskmes on inimh\u00e4\u00e4l, millega manipuleerimine annab tulemuseks erineva koega helikogemusi \u2015 s\u00f5natuid ja s\u00f5nalisi, hetkes looduid ja valmism\u00f5elduid. See on loomevisklemine t\u00e4henduse paines ja seda painet piiluv refleksioon.<\/p>\n\n\n\n<p>Vaata lisaks&nbsp;<a href=\"https:\/\/sites.google.com\/site\/rjakapi\/\" target=\"_blank\" rel=\"noreferrer noopener\">https:\/\/sites.google.com\/site\/rjakapi\/<\/a>!<\/p>\n\n\n\n<h4><br><a href=\"http:\/\/semiootikasygiskool2016.blogspot.com\/2016\/10\/eksperimentaalluule-naitus.html\">Eksperimentaalluule n\u00e4itus<\/a><\/h4>\n\n\n\n<div class=\"wp-block-image\"><figure class=\"aligncenter\"><img decoding=\"async\" loading=\"lazy\" width=\"265\" height=\"400\" src=\"http:\/\/semiootika.ee\/semiootikasugiskool\/wp-content\/uploads\/2019\/10\/ilmar-laaban-72d.jpg\" alt=\"\" class=\"wp-image-327\" srcset=\"http:\/\/semiootika.ee\/semiootikasugiskool\/wp-content\/uploads\/2019\/10\/ilmar-laaban-72d.jpg 265w, http:\/\/semiootika.ee\/semiootikasugiskool\/wp-content\/uploads\/2019\/10\/ilmar-laaban-72d-199x300.jpg 199w\" sizes=\"(max-width: 265px) 100vw, 265px\" \/><\/figure><\/div>\n\n\n\n<p>S\u00fcgiskoolis saab pisikesel n\u00e4itusel tutvuda (heli)eksperimentaalse luulega.<\/p>\n\n\n\n<p>&#8220;K\u00f5laluule kui \u017eanr t\u00f5ukus soovist eemalduda keele tavap\u00e4rastest struktuuridest ja traditsioonilisest semantilisest kommunikatsioonist ning luua nende asemele mitteverbaalseid suhtlus- ja v\u00e4ljendusvorme. Rakendati inimese h\u00e4\u00e4leaparatuuri mitmek\u00fclgseid v\u00f5imalusi \u2013 h\u00e4\u00e4litsusi, h\u00fc\u00fcatusi, k\u00f6hatusi, k\u00f5rih\u00e4\u00e4li, v\u00e4ljam\u00f5eldud keeli, pominaid ja muud taolist. \u00dches\u00f5naga k\u00f5ike, mida tavakeeles peetakse arbitraarseks, ent mis ometi kannab olulist rolli inimsuhtluse mitmekesistamisel.&#8221;<\/p>\n\n\n\n<p>Inspiratsioon: KUMU n\u00e4itus&nbsp;<a href=\"http:\/\/kumu.ekm.ee\/syndmus\/vaikus-on-kuldne-ilmar-laaban-ja-rahvusvaheline-heliluule\/\" target=\"_blank\" rel=\"noreferrer noopener\">\u201cVaikus on kuldne. Ilmar Laaban ja eksperimendid helis ning keeles\u201d<\/a><\/p>\n\n\n\n<p>T\u00e4name: <strong>Ragne Soosalu<\/strong><\/p>\n\n\n\n<h4><br><a href=\"http:\/\/semiootikasygiskool2016.blogspot.com\/2016\/10\/scrabble-turniir.html\">Scrabble&#8217;i turniir<\/a><\/h4>\n\n\n\n<div class=\"wp-block-image\"><figure class=\"aligncenter\"><img decoding=\"async\" loading=\"lazy\" width=\"400\" height=\"300\" src=\"http:\/\/semiootika.ee\/semiootikasugiskool\/wp-content\/uploads\/2019\/10\/14907809_1201222923276347_615537091_o.jpg\" alt=\"\" class=\"wp-image-326\" srcset=\"http:\/\/semiootika.ee\/semiootikasugiskool\/wp-content\/uploads\/2019\/10\/14907809_1201222923276347_615537091_o.jpg 400w, http:\/\/semiootika.ee\/semiootikasugiskool\/wp-content\/uploads\/2019\/10\/14907809_1201222923276347_615537091_o-300x225.jpg 300w\" sizes=\"(max-width: 400px) 100vw, 400px\" \/><\/figure><\/div>\n\n\n\n<p>Vahel polegi sobivaid t\u00e4histajaid nii lihtne leida. S\u00fcgiskoolis saab ennast proovile panna Scrabble&#8217;i turniiril!<\/p>\n\n\n\n<p>Kuidas m\u00e4ngida?&nbsp;<a href=\"http:\/\/www.meelelahutus.eu\/mangulaud\/pildid\/scrabble.pdf\">http:\/\/www.meelelahutus.eu\/mangulaud\/pildid\/scrabble.pdf<\/a><\/p>\n\n\n\n<h4><a href=\"http:\/\/semiootikasygiskool2016.blogspot.com\/2016\/11\/ohtune-programm-djd-brigit-laura.html\">\u00d5htune programm: DJd Brigit &amp; Laura<\/a><\/h4>\n\n\n\n<div class=\"wp-block-image\"><figure class=\"aligncenter\"><img decoding=\"async\" loading=\"lazy\" width=\"383\" height=\"400\" src=\"http:\/\/semiootika.ee\/semiootikasugiskool\/wp-content\/uploads\/2019\/10\/14914604_10211161308768805_850778868_n.jpg\" alt=\"\" class=\"wp-image-323\" srcset=\"http:\/\/semiootika.ee\/semiootikasugiskool\/wp-content\/uploads\/2019\/10\/14914604_10211161308768805_850778868_n.jpg 383w, http:\/\/semiootika.ee\/semiootikasugiskool\/wp-content\/uploads\/2019\/10\/14914604_10211161308768805_850778868_n-287x300.jpg 287w\" sizes=\"(max-width: 383px) 100vw, 383px\" \/><\/figure><\/div>\n\n\n\n<p>\u25b6\ufe0f* that funky music, semiootik!<\/p>\n\n\n\n<p>S\u00fcgiskooli \u00f5htuse muusikaprogrammi lennutavad \u00f6\u00f6sse t\u00e4hem\u00e4rkimisv\u00e4\u00e4rsed Brigit &amp; Laura.<\/p>\n\n\n\n<h3><br>MEESKOND<\/h3>\n\n\n\n<p>XVII Semiootika s\u00fcgiskooli \u201cKeelsus\u201d korraldavad Eesti Semiootika Selts ja Semiootika\u00fcli\u00f5pilaste liit Semioon.<\/p>\n\n\n\n<p>Korraldustiimi kuuluvad Tartu \u00dclikooli semiootika tudengid Elli, Kristel, Mark ja Laura.<\/p>\n\n\n\n<p>K\u00fcsimused ja ettepanekud:<br>ellimtragel@hotmail.com<br>laura.elisabeth.konsand@gmail.com<\/p>\n\n\n\n<h4><br>TOETAJAD<\/h4>\n\n\n\n<div class=\"wp-block-image\"><figure class=\"alignleft\"><img decoding=\"async\" loading=\"lazy\" width=\"150\" height=\"83\" src=\"http:\/\/semiootika.ee\/semiootikasugiskool\/wp-content\/uploads\/2019\/10\/KULKA-logo-150.jpg\" alt=\"\" class=\"wp-image-336\"\/><\/figure><\/div>\n\n\n\n<div class=\"wp-block-image\"><figure class=\"alignleft is-resized\"><img decoding=\"async\" loading=\"lazy\" src=\"http:\/\/semiootika.ee\/semiootikasugiskool\/wp-content\/uploads\/2019\/10\/23131354_1572011509530818_1861872543_o-1-1024x321.jpg\" alt=\"\" class=\"wp-image-320\" width=\"216\" height=\"68\" srcset=\"http:\/\/semiootika.ee\/semiootikasugiskool\/wp-content\/uploads\/2019\/10\/23131354_1572011509530818_1861872543_o-1-1024x321.jpg 1024w, http:\/\/semiootika.ee\/semiootikasugiskool\/wp-content\/uploads\/2019\/10\/23131354_1572011509530818_1861872543_o-1-300x94.jpg 300w, http:\/\/semiootika.ee\/semiootikasugiskool\/wp-content\/uploads\/2019\/10\/23131354_1572011509530818_1861872543_o-1-768x240.jpg 768w, http:\/\/semiootika.ee\/semiootikasugiskool\/wp-content\/uploads\/2019\/10\/23131354_1572011509530818_1861872543_o-1.jpg 1600w\" sizes=\"(max-width: 216px) 100vw, 216px\" \/><\/figure><\/div>\n\n\n\n<div class=\"wp-block-image\"><figure class=\"alignleft\"><img decoding=\"async\" loading=\"lazy\" width=\"150\" height=\"150\" src=\"http:\/\/semiootika.ee\/semiootikasugiskool\/wp-content\/uploads\/2019\/10\/tkk_logo_vrviline.jpg\" alt=\"\" class=\"wp-image-278\"\/><\/figure><\/div>\n\n\n\n<p><\/p>\n","protected":false},"excerpt":{"rendered":"<p>\u201eIlma keeleta on m\u00f5tted vaid \u00fcks ebam\u00e4\u00e4rane kaardistamata udukogu.\u201cFerdinand de Saussure XVII Semiootika s\u00fcgiskool \u201cKeelsus\u201d toimub 5.- 6. novembril 2016&hellip;<\/p>\n","protected":false},"author":1,"featured_media":321,"parent":30,"menu_order":0,"comment_status":"closed","ping_status":"closed","template":"","meta":[],"_links":{"self":[{"href":"http:\/\/semiootika.ee\/semiootikasugiskool\/wp-json\/wp\/v2\/pages\/319"}],"collection":[{"href":"http:\/\/semiootika.ee\/semiootikasugiskool\/wp-json\/wp\/v2\/pages"}],"about":[{"href":"http:\/\/semiootika.ee\/semiootikasugiskool\/wp-json\/wp\/v2\/types\/page"}],"author":[{"embeddable":true,"href":"http:\/\/semiootika.ee\/semiootikasugiskool\/wp-json\/wp\/v2\/users\/1"}],"replies":[{"embeddable":true,"href":"http:\/\/semiootika.ee\/semiootikasugiskool\/wp-json\/wp\/v2\/comments?post=319"}],"version-history":[{"count":5,"href":"http:\/\/semiootika.ee\/semiootikasugiskool\/wp-json\/wp\/v2\/pages\/319\/revisions"}],"predecessor-version":[{"id":349,"href":"http:\/\/semiootika.ee\/semiootikasugiskool\/wp-json\/wp\/v2\/pages\/319\/revisions\/349"}],"up":[{"embeddable":true,"href":"http:\/\/semiootika.ee\/semiootikasugiskool\/wp-json\/wp\/v2\/pages\/30"}],"wp:featuredmedia":[{"embeddable":true,"href":"http:\/\/semiootika.ee\/semiootikasugiskool\/wp-json\/wp\/v2\/media\/321"}],"wp:attachment":[{"href":"http:\/\/semiootika.ee\/semiootikasugiskool\/wp-json\/wp\/v2\/media?parent=319"}],"curies":[{"name":"wp","href":"https:\/\/api.w.org\/{rel}","templated":true}]}}