{"id":20,"date":"2019-10-02T19:07:11","date_gmt":"2019-10-02T19:07:11","guid":{"rendered":"http:\/\/semiootika.ee\/semiootikasugiskool\/?page_id=20"},"modified":"2025-11-05T13:23:14","modified_gmt":"2025-11-05T13:23:14","slug":"kontakt","status":"publish","type":"page","link":"http:\/\/semiootika.ee\/semiootikasugiskool\/kontakt\/","title":{"rendered":"KONTAKT"},"content":{"rendered":"\n<h3 class=\"has-secondary-color has-text-color\">V\u00d5TA \u00dcHENDUST<\/h3>\n\n\n\n<p><\/p>\n\n\n\n<p class=\"has-secondary-color has-text-color\">K\u00fcsimuste korral v\u00f5tta \u00fchendust aadressil miili.lippus@gmail.com.<\/p>\n","protected":false},"excerpt":{"rendered":"<p>V\u00d5TA \u00dcHENDUST K\u00fcsimuste korral v\u00f5tta \u00fchendust aadressil miili.lippus@gmail.com.<\/p>\n","protected":false},"author":1,"featured_media":774,"parent":0,"menu_order":0,"comment_status":"closed","ping_status":"closed","template":"","meta":[],"_links":{"self":[{"href":"http:\/\/semiootika.ee\/semiootikasugiskool\/wp-json\/wp\/v2\/pages\/20"}],"collection":[{"href":"http:\/\/semiootika.ee\/semiootikasugiskool\/wp-json\/wp\/v2\/pages"}],"about":[{"href":"http:\/\/semiootika.ee\/semiootikasugiskool\/wp-json\/wp\/v2\/types\/page"}],"author":[{"embeddable":true,"href":"http:\/\/semiootika.ee\/semiootikasugiskool\/wp-json\/wp\/v2\/users\/1"}],"replies":[{"embeddable":true,"href":"http:\/\/semiootika.ee\/semiootikasugiskool\/wp-json\/wp\/v2\/comments?post=20"}],"version-history":[{"count":5,"href":"http:\/\/semiootika.ee\/semiootikasugiskool\/wp-json\/wp\/v2\/pages\/20\/revisions"}],"predecessor-version":[{"id":843,"href":"http:\/\/semiootika.ee\/semiootikasugiskool\/wp-json\/wp\/v2\/pages\/20\/revisions\/843"}],"wp:featuredmedia":[{"embeddable":true,"href":"http:\/\/semiootika.ee\/semiootikasugiskool\/wp-json\/wp\/v2\/media\/774"}],"wp:attachment":[{"href":"http:\/\/semiootika.ee\/semiootikasugiskool\/wp-json\/wp\/v2\/media?parent=20"}],"curies":[{"name":"wp","href":"https:\/\/api.w.org\/{rel}","templated":true}]}}