{"id":195,"date":"2019-10-17T16:38:30","date_gmt":"2019-10-17T16:38:30","guid":{"rendered":"http:\/\/semiootika.ee\/semiootikasugiskool\/?page_id=195"},"modified":"2019-10-17T21:05:04","modified_gmt":"2019-10-17T21:05:04","slug":"xiv-sugiskool","status":"publish","type":"page","link":"http:\/\/semiootika.ee\/semiootikasugiskool\/sugiskoolidest\/xiv-sugiskool\/","title":{"rendered":"XIV SEMIOOTIKA S\u00dcGISKOOL"},"content":{"rendered":"\n<h3>XIV Semiootika S\u00fcgiskool &#8220;N\u00e4gu ja naba&#8221;&nbsp;<\/h3>\n\n\n\n<p>Semiootika s\u00fcgiskool toimub sel aastal&nbsp;<strong>2.-3. novembril 2013 Mooste Kunsti- ja Sotsiaalpraktika keskuses<\/strong>&nbsp;(MoKS). Teemaks on sel aastal&nbsp;<strong>identiteet ja enesekirjeldus<\/strong>. MoKS-i hubases \u00f5hkkonnas toimuvad eri vormides ettekanded ja t\u00f6\u00f6toad. Esinejate hulgas on&nbsp;<strong>Valdur Mikita, Erkki Luuk, Kadri T\u00fc\u00fcr,&nbsp;Silver Rattasepp, Peeter Torop,&nbsp;Rauno Saidla,&nbsp;<a rel=\"noreferrer noopener\" href=\"http:\/\/maaheli.ee\/main\/about\" target=\"_blank\">John Grzinich<\/a>, Tanel Rander, Kristino Rav, Kalevi Kull, Ekaterina Velmezova<\/strong>&nbsp;jt.&nbsp;\u00d5htul saab aga kolada v\u00f5sas, vaadata filme, osa v\u00f5tta semiootilistest m\u00e4ngudest v\u00f5i niisama s\u00f5prade-semiootikutega maailma asju arutada. Sel aastal on s\u00fcgiskooli kaasatud ka v\u00e4lis\u00fcli\u00f5pilased, seega on kavas ettekandeid ja t\u00f6\u00f6tube nii eesti kui inglise keeles.<\/p>\n\n\n\n<p>S\u00fcgiskool pakub ka \u00fcli\u00f5pilastele v\u00f5imalust esineda&nbsp;<strong>ettekandega<\/strong>&nbsp;s\u00fcdamel\u00e4hedasel (soovitavalt nurkapidi siiski ka identiteediproblemaatikaga seotud) teemal. Huvilistel saata oma ettepanek&nbsp;<a href=\"mailto:mirjamparve@gmail.com\">mirjamparve@gmail.com<\/a>.<\/p>\n\n\n\n<p><a href=\"http:\/\/sygissemiootika2013.blogspot.com\" target=\"_blank\" rel=\"noreferrer noopener\" aria-label=\"Koduleht koos lindististega (opens in a new tab)\">Koduleht koos lindististega<\/a>.<\/p>\n\n\n\n<figure class=\"wp-block-image\"><img decoding=\"async\" loading=\"lazy\" width=\"768\" height=\"403\" src=\"http:\/\/semiootika.ee\/semiootikasugiskool\/wp-content\/uploads\/2019\/10\/XIV_SSK.jpg\" alt=\"\" class=\"wp-image-197\" srcset=\"http:\/\/semiootika.ee\/semiootikasugiskool\/wp-content\/uploads\/2019\/10\/XIV_SSK.jpg 768w, http:\/\/semiootika.ee\/semiootikasugiskool\/wp-content\/uploads\/2019\/10\/XIV_SSK-300x157.jpg 300w\" sizes=\"(max-width: 768px) 100vw, 768px\" \/><\/figure>\n\n\n\n<h3><br>PROGRAMM<\/h3>\n\n\n\n<h4>2. november<\/h4>\n\n\n\n<p>09:15\u201310:00 bussis\u00f5it Tartust Moostesse. Buss v\u00e4ljub Vanemuise parklast!<br>10:00\u201310:30 MoKSiga tutvumine ja pesa leidmine, kohvipaus<br>10:30\u201312:30 ingliskeelsed ettekanded<br><strong>Kristin Orav<\/strong>&nbsp;&#8220;Cross-cultural communication and the construction of failure&#8221;<br><strong>Taras Boyko <\/strong>&#8220;Identity and National History&#8221;<br><strong>Ekaterina Velmezova<\/strong> &#8220;What is attractive in Tartu-Moscow School for a historian of ideas &#8230;&#8221;<br><strong>Kalevi Kull<\/strong> &#8220;&#8230; and for a biosemiotician?&#8221;<br>12:30\u201314:00 l\u00f5unas\u00f6\u00f6k<br>14:00\u201316:00 t\u00f6\u00f6toad&nbsp;<br>Eesti keeles: <strong>Kadri T\u00fc\u00fcr<\/strong> \u2013 \u201eRahvuslik tootedisainis\u201c<br>Inglise keeles:<strong> Tanel Rander<\/strong> &#8211; \u201eSUBJECTIVITY + CONTEXT = COLONIALITY?\u201c<br>16:00\u201317:00 kohvi-, suitsu- ja jalasirutuspaus + matk \u201eVaruv\u00e4ljap\u00e4\u00e4s\u201c Erkki Luugi juhtimisel&nbsp;<br>17:00\u201318:30 paneeldiskussioon, juhib <strong>Silver Rattasepp<\/strong><br>18:30\u201319:30 \u00f5htus\u00f6\u00f6k<br>19:30\u201320:00 vaba aeg<br>20:00\u2013&#8230; film ja t\u0161ill, avatud on baar<\/p>\n\n\n\n<h4>3. november<\/h4>\n\n\n\n<p>9:00\u201310:00 hommikus\u00f6\u00f6k&nbsp;<br>10:00\u201311:30 \u00fcli\u00f5pilaste ettekanded<br><strong>Rauno Saidla<\/strong> \u201eIdentiteedi \u00fchik muusikas\u201c&nbsp;<br><strong>Liina Sieberk<\/strong> \u201eRaimond Valgre omam\u00fc\u00fct\u201c&nbsp;<br><strong>Rasmus Rebane<\/strong> \u201eIdentiteedi kujundamine ja autokommunikatsioon\u201c<br><strong>Egon Erkmann<\/strong> \u201eMinu nimi\u201c<br>11:30\u201312:00 kohvipaus<br>12:00\u201314:30? eestikeelsed ettekanded<\/p>\n\n\n\n<p><strong>Valdur Mikita<\/strong> \u201eM\u00fctoloogiline tunnel kartulikoopa ja Valge Maja vahel\u201c&nbsp;<\/p>\n\n\n\n<p><strong>J\u00fcri Lipping&nbsp;<\/strong><br><strong>M\u00e4rt L\u00e4\u00e4nemets<\/strong> \u201eIsetuse (an\u0101tm\u0101\/anatt\u0101) kontseptsioon budismis ja selle v\u00f5imalustest isiksuse identiteedi kujunemisel\/kujundamisel\u201c<br><strong>Peeter Torop&nbsp;<\/strong><br>Paralleelselt inglise keeles: <strong>John Grzinichi<\/strong> t\u00f6\u00f6tuba \u201eSound and significance\u201c<br>15:00? buss Tartusse&nbsp;<\/p>\n\n\n\n<p>NB! vahetusjalan\u00f5ud kaasa!<br><br><\/p>\n\n\n\n<h3><a href=\"http:\/\/sygissemiootika2013.blogspot.com\/2013\/10\/tootoad.html\">T\u00f6\u00f6toad<\/a><\/h3>\n\n\n\n<h4>I Rahvuslikud mustrid ja motiivid t\u00e4nap\u00e4eva tootedisainis (eesti keeles)&nbsp;<\/h4>\n\n\n\n<p>Kavas on analyysida nn etnomustrite buumi n\u00e4idiseid 21. sajandi artefaktide najal (nii kodu-kui v\u00e4lismaiseid n\u00e4iteid, nt http:\/\/hictrading.eu\/et\/galerii ja http:\/\/www.gudrunsjoden.com\/eu\/2013-winter\/inspiration\/winter-2013\/inspired-by-muhu) ja l\u00e4hemalt vaadata, missugused elemendid on algsetelt artefaktidelt yle v\u00f5etud, missugused maha j\u00e4etud ja kuidas see k\u00f5ik t\u00e4hendusloomele m\u00f5jub.&nbsp;<\/p>\n\n\n\n<p><strong>Kadri T\u00fc\u00fcr<\/strong>&nbsp;on s\u00fcndinud 1975. aastal, l\u00f5petanud 1999. aastal Tartu \u00dclikooli bakalaureusekraadiga eesti kirjanduse erialal, magistrikraad Turu \u00dclikoolist v\u00f5rdleva kirjandusteaduse alalt (2002) ja Tartu \u00dclikoolist semiootika erialalt (2003). T\u00dc semiootika osakonna doktorant; uurimisteemaks eesti looduskirjandus. T\u00f6\u00f6tanud Muhu Muuseumi juhatajana ning Eesti Kirjandusmuuseumis projektijuhina. Osakoormusega teadur eesti kirjanduse \u00f5ppetooli juures alates 2012. aastast. Peamisteks uurimisteemadeks looduskirjanduse k\u00f5rval on looduse kujutamine eesti kirjandusklassikute teostes, samuti kirjandusteooria, ise\u00e4ranis \u00f6kokriitika. Eesti Kirjanduse Seltsi, Eesti Semiootika Seltsi, Eesti Loodusuurijate Seltsi ja EYS Veljesto liige.<\/p>\n\n\n\n<p><\/p>\n\n\n\n<h4>II Subjektiivsus + kontekst = koloniaalsus (inglise keeles)<\/h4>\n\n\n\n<p>&nbsp;Workshop uurib subjektiivsust, l\u00e4htudes koloniaalsuse kontseptsioonist ja vahetust geopoliitilisest kontekstist.&nbsp;<br>Koloniaalsuse kontseptsiooni tutvustas L\u00f5una-Ameerika m\u00f5tleja Anibal Quijano kui Euroopa koloniaalsest ekspansioonist moodustunud s\u00fcsteemi, mis&nbsp;seob \u00fchtviisi nii majandust ja v\u00f5imu kui ka subjektiivsuse ja teadmiste k\u00f5iki tasandeid. Kesksel kohal on k\u00fcsimus &#8211; kuidas geopoliitiline kontekst (L\u00f5una-Eesti, endine Ida-Euroopa) m\u00f5jutab meie subjektiivsust, alates identiteedist, l\u00f5petades esteetilise tajuga.Workshop sisaldab teoreetilist eelt\u00f6\u00f6d ja diskussiooni ning eksperimentaalseid tegevusi. Workshop on kontseptuaalne sissejuhatus 10. novembril Tartu Kunstimuuseumis aset leidvale interdistsiplinaarsele seminarile &#8220;Maastik ja koloniaalsus&#8221;, mis tegeleb maastiku ja selle representatsiooni ning looduse ja subjektiivsuse problemaatikaga.<\/p>\n\n\n\n<p><strong>Tanel Rander&nbsp;<\/strong>&#8211; kunstnik, kirjanik, kriitik.&nbsp;Loominguline tegevus jaguneb eksperimentaalseteks, keele ja ps\u00fchholoogia tasandil toimivateks performatiivseteks praktikateks ja kriitiliseks, Ida-Euroopa diskursuse ja dekoloniaalsusega seotud uurimuseks. Raamatud &#8211; &#8220;Kontrolli alt v\u00e4ljas&#8221; (chaneldior, Ji, 2008) ja &#8220;Tamme\u00f6\u00f6&#8221; (Erkki Luuk ja c:, 2012).&nbsp;Koost\u00f6\u00f6 grupiga 10x10m &#8211; performance &#8220;Inimmetsandus&#8221; (2012, theatre.now &#8211; Performance Compost, Kiasma, Helsinki),&nbsp;performance &#8220;Mees \u00fcle parda&#8221; (Augusti Tantsufestival 2013, Kanuti Gildi Saal).&nbsp;Viimased isikun\u00e4itused &#8220;Decolonize This&#8221; (2012, Y Galerii, Tartu) ja &#8220;No Borders &#8211; No Difference?&#8221; (2013, Tartu Kunstimaja).&nbsp;<\/p>\n\n\n\n<p>***<\/p>\n\n\n\n<p>S\u00fcgiskooli osalustasu on&nbsp;<strong>15 eurot<\/strong>. Osalustasu katab bussis\u00f5idu, l\u00f5una-, \u00f5htu- ja hommikus\u00f6\u00f6gi ja kohvipausid, majutusruumid ning k\u00f5ik \u00fcritused. Registreerumine on avatud&nbsp;<a href=\"http:\/\/sygissemiootika2013.blogspot.com\/2013\/10\/laadimine.html\">allpool<\/a>. Registreerumine on&nbsp;<strong>kinnitatud osalustasu maksmisel<\/strong>! T\u00e4htaeg on&nbsp;<strong>27. oktoober<\/strong>, maksta tuleb Eesti Semiootika Seltsi arveldusarvele&nbsp;<strong>334409040007<\/strong>, Danske Bank (IBAN&nbsp;EE683300334409040007),&nbsp;<strong>m\u00e4rks\u00f5naks \u201eS\u00fcgiskool\u201c<\/strong>.\u00d6\u00f6bimiseks pakume sel aastal askeetlikult seljas\u00f5bralikke tingimusi: palume osalejatel kaasa v\u00f5tta oma&nbsp;<strong>madratsi ja magamiskoti<\/strong>.&nbsp;<br><\/p>\n","protected":false},"excerpt":{"rendered":"<p>XIV Semiootika S\u00fcgiskool &#8220;N\u00e4gu ja naba&#8221;&nbsp; Semiootika s\u00fcgiskool toimub sel aastal&nbsp;2.-3. novembril 2013 Mooste Kunsti- ja Sotsiaalpraktika keskuses&nbsp;(MoKS). Teemaks on&hellip;<\/p>\n","protected":false},"author":1,"featured_media":197,"parent":30,"menu_order":0,"comment_status":"closed","ping_status":"closed","template":"","meta":[],"_links":{"self":[{"href":"http:\/\/semiootika.ee\/semiootikasugiskool\/wp-json\/wp\/v2\/pages\/195"}],"collection":[{"href":"http:\/\/semiootika.ee\/semiootikasugiskool\/wp-json\/wp\/v2\/pages"}],"about":[{"href":"http:\/\/semiootika.ee\/semiootikasugiskool\/wp-json\/wp\/v2\/types\/page"}],"author":[{"embeddable":true,"href":"http:\/\/semiootika.ee\/semiootikasugiskool\/wp-json\/wp\/v2\/users\/1"}],"replies":[{"embeddable":true,"href":"http:\/\/semiootika.ee\/semiootikasugiskool\/wp-json\/wp\/v2\/comments?post=195"}],"version-history":[{"count":5,"href":"http:\/\/semiootika.ee\/semiootikasugiskool\/wp-json\/wp\/v2\/pages\/195\/revisions"}],"predecessor-version":[{"id":352,"href":"http:\/\/semiootika.ee\/semiootikasugiskool\/wp-json\/wp\/v2\/pages\/195\/revisions\/352"}],"up":[{"embeddable":true,"href":"http:\/\/semiootika.ee\/semiootikasugiskool\/wp-json\/wp\/v2\/pages\/30"}],"wp:featuredmedia":[{"embeddable":true,"href":"http:\/\/semiootika.ee\/semiootikasugiskool\/wp-json\/wp\/v2\/media\/197"}],"wp:attachment":[{"href":"http:\/\/semiootika.ee\/semiootikasugiskool\/wp-json\/wp\/v2\/media?parent=195"}],"curies":[{"name":"wp","href":"https:\/\/api.w.org\/{rel}","templated":true}]}}