{"id":14,"date":"2019-10-02T19:06:23","date_gmt":"2019-10-02T19:06:23","guid":{"rendered":"http:\/\/semiootika.ee\/semiootikasugiskool\/?page_id=14"},"modified":"2025-11-11T10:35:31","modified_gmt":"2025-11-11T10:35:31","slug":"ajakava","status":"publish","type":"page","link":"http:\/\/semiootika.ee\/semiootikasugiskool\/ajakava\/","title":{"rendered":"AJAKAVA"},"content":{"rendered":"\n<p class=\"has-text-color\" style=\"color:#0026ff\"><\/p>\n\n\n\n<div style=\"height:65px\" aria-hidden=\"true\" class=\"wp-block-spacer\"><\/div>\n\n\n\n<h3>LAUP\u00c4EVA, 15. november<\/h3>\n\n\n\n<div style=\"height:28px\" aria-hidden=\"true\" class=\"wp-block-spacer\"><\/div>\n\n\n\n<p>10:00 Kogunemine<\/p>\n\n\n\n<p>10:15 Kohvilaud ja amps<\/p>\n\n\n\n<p>10:45 Tervitus<\/p>\n\n\n\n<p>11:00 intervjuu <strong>Jan Kausiga<\/strong><\/p>\n\n\n\n<p>12:10 <strong>Ene Vainik<\/strong><\/p>\n\n\n\n<p>13:15 L\u00f5unas\u00f6\u00f6k<\/p>\n\n\n\n<p>14:00 <strong>Loomelabor<\/strong><\/p>\n\n\n\n<p>15:30 <strong>Rebekka P\u00f5ldsam <\/strong>ja <strong>Aet Kuusik<\/strong><\/p>\n\n\n\n<p>16:30 <strong>Aleksander Koppel<\/strong><\/p>\n\n\n\n<p>17:00 \u00d5htus\u00f6\u00f6k<\/p>\n\n\n\n<p>20:00 \u00d5htune programm<\/p>\n\n\n\n<p>21:00 DJ vamos amos &amp; DJ daysleeper<\/p>\n\n\n\n<div style=\"height:45px\" aria-hidden=\"true\" class=\"wp-block-spacer\"><\/div>\n\n\n\n<h3>P\u00dcHAP\u00c4EV, 16. november<\/h3>\n\n\n\n<div style=\"height:28px\" aria-hidden=\"true\" class=\"wp-block-spacer\"><\/div>\n\n\n\n<p>10:30 Hommikus\u00f6\u00f6k<\/p>\n\n\n\n<p>11:15 <strong>Lona P\u00e4ll<\/strong><\/p>\n\n\n\n<p>12:15 <strong>Monika Laik<\/strong><\/p>\n\n\n\n<p>14:30 Semiootikute paneel \u2013 <strong>Kalevi Kull<\/strong>, <strong>Maarja Ojamaa<\/strong>, <strong>Indrek Jalatso<\/strong>, <strong>Ott Puumeister<\/strong><\/p>\n\n\n\n<p>16:15 L\u00f5pupauk ja \u00fchispilt<\/p>\n\n\n\n<p><\/p>\n\n\n\n<p><\/p>\n\n\n\n<p><\/p>\n\n\n\n<p><\/p>\n\n\n\n<p><\/p>\n\n\n\n<p><\/p>\n\n\n\n<p><\/p>\n\n\n\n<p><\/p>\n\n\n\n<p><\/p>\n\n\n\n<p><\/p>\n","protected":false},"excerpt":{"rendered":"<p>LAUP\u00c4EVA, 15. november 10:00 Kogunemine 10:15 Kohvilaud ja amps 10:45 Tervitus 11:00 intervjuu Jan Kausiga 12:10 Ene Vainik 13:15 L\u00f5unas\u00f6\u00f6k&hellip;<\/p>\n","protected":false},"author":1,"featured_media":774,"parent":0,"menu_order":0,"comment_status":"closed","ping_status":"closed","template":"","meta":[],"_links":{"self":[{"href":"http:\/\/semiootika.ee\/semiootikasugiskool\/wp-json\/wp\/v2\/pages\/14"}],"collection":[{"href":"http:\/\/semiootika.ee\/semiootikasugiskool\/wp-json\/wp\/v2\/pages"}],"about":[{"href":"http:\/\/semiootika.ee\/semiootikasugiskool\/wp-json\/wp\/v2\/types\/page"}],"author":[{"embeddable":true,"href":"http:\/\/semiootika.ee\/semiootikasugiskool\/wp-json\/wp\/v2\/users\/1"}],"replies":[{"embeddable":true,"href":"http:\/\/semiootika.ee\/semiootikasugiskool\/wp-json\/wp\/v2\/comments?post=14"}],"version-history":[{"count":5,"href":"http:\/\/semiootika.ee\/semiootikasugiskool\/wp-json\/wp\/v2\/pages\/14\/revisions"}],"predecessor-version":[{"id":852,"href":"http:\/\/semiootika.ee\/semiootikasugiskool\/wp-json\/wp\/v2\/pages\/14\/revisions\/852"}],"wp:featuredmedia":[{"embeddable":true,"href":"http:\/\/semiootika.ee\/semiootikasugiskool\/wp-json\/wp\/v2\/media\/774"}],"wp:attachment":[{"href":"http:\/\/semiootika.ee\/semiootikasugiskool\/wp-json\/wp\/v2\/media?parent=14"}],"curies":[{"name":"wp","href":"https:\/\/api.w.org\/{rel}","templated":true}]}}